{"id":14642,"date":"2023-04-18T16:25:37","date_gmt":"2023-04-18T16:25:37","guid":{"rendered":"https:\/\/www.dulcisinfiore.it\/?post_type=product&#038;p=14642"},"modified":"2026-01-31T10:45:56","modified_gmt":"2026-01-31T10:45:56","slug":"rusticoni","status":"publish","type":"product","link":"https:\/\/www.dulcisinfiore.it\/en\/product\/rusticoni\/","title":{"rendered":"Rusticoni &#8211; il cookie silano"},"content":{"rendered":"<div class=\"page\" role=\"region\" data-page-number=\"26\" aria-label=\"Page 26\" data-loaded=\"true\"><\/div>\n<div class=\"page\" role=\"region\" data-page-number=\"26\" aria-label=\"Page 26\" data-loaded=\"true\">\n<div class=\"textLayer\"><span dir=\"ltr\" role=\"presentation\">La ricetta dei<\/span> <span dir=\"ltr\" role=\"presentation\">Cookies<\/span> <span dir=\"ltr\" role=\"presentation\">nasce per caso, intorno agli anni &#8217;30 nella cucina di Ruth Wakefield, la padrona dell&#8217;albergo <\/span><span dir=\"ltr\" role=\"presentation\">\u201c<\/span><span dir=\"ltr\" role=\"presentation\">Toll House Inn<\/span><span dir=\"ltr\" role=\"presentation\">\u201d. <\/span><\/div>\n<div class=\"textLayer\"><span dir=\"ltr\" role=\"presentation\">Ruth aveva terminato il cacao in polvere che solitamente utilizzava per preparare i biscotti al burro <\/span><span dir=\"ltr\" role=\"presentation\">per i suoi clienti. <\/span><\/div>\n<div class=\"textLayer\"><span dir=\"ltr\" role=\"presentation\">Cos\u00ec decise di tritare finemente una barretta di cioccolato e aggiungerla all&#8217;impasto, immaginando <\/span><span dir=\"ltr\" role=\"presentation\">che si sarebbe sciolta.<br \/>\nIn realt\u00e0 i pezzetti rimasero intatti, ma i suoi clienti furono entusiasti di questa golosa versione. <\/span><\/div>\n<div class=\"textLayer\"><span dir=\"ltr\" role=\"presentation\">Sembra dunque sia nato cos\u00ec quello che divenne il biscotto pi\u00f9 famoso d&#8217;America.<\/span><br role=\"presentation\" \/><span dir=\"ltr\" role=\"presentation\">Dulcis in Fiore ha voluto riproporre questa golosit\u00e0, per offrire una nuova linea di biscotti artigianali che potessero <\/span><span dir=\"ltr\" role=\"presentation\">arricchire la gamma rivolta in particolare alla prima colazione.<\/span><\/div>\n<div class=\"textLayer\"><br role=\"presentation\" \/><span dir=\"ltr\" role=\"presentation\">Per la loro caratteristica rusticit\u00e0, si \u00e8 voluto dargli un&#8217;identit\u00e0 anche col nome della referenza, richiamando poi <\/span><span dir=\"ltr\" role=\"presentation\">l&#8217;antenato americano e legandolo al territorio della Sila.<\/span><br role=\"presentation\" \/><span dir=\"ltr\" role=\"presentation\">L\u2019<\/span><span dir=\"ltr\" role=\"presentation\">impasto<\/span> <span dir=\"ltr\" role=\"presentation\">\u00e8 fatto di pochi ingredienti, avendo sempre la stessa cura di selezione delle materie prime.<\/span><\/div>\n<div class=\"textLayer\"><br role=\"presentation\" \/><span dir=\"ltr\" role=\"presentation\">La<\/span> <span dir=\"ltr\" role=\"presentation\">cottura<\/span> <span dir=\"ltr\" role=\"presentation\">avviene a 180\u00b0C per circa 12\/15 minuti.<\/span><\/div>\n<div class=\"textLayer\"><br role=\"presentation\" \/><span dir=\"ltr\" role=\"presentation\">Il prodotto viene manualmente adagiato in sacchetto PP brandizzato, termosaldato e confezionato in scatola di cartoncino.<\/span><\/div>\n<div class=\"textLayer\">\n<p><strong><em><span dir=\"ltr\" role=\"presentation\">La scatola contiene 200 g di prodotto, che equivalgono a 2\/3 porzioni.<\/span><\/em><\/strong><\/p>\n<\/div>\n<\/div>\n<div class=\"page\" role=\"region\" data-page-number=\"27\" aria-label=\"Page 27\" data-loaded=\"true\">\n<div class=\"textLayer\">\n<section class=\"elementor-section elementor-top-section elementor-element elementor-element-89654ba elementor-section-boxed elementor-section-height-default elementor-section-height-default\" data-id=\"89654ba\" data-element_type=\"section\">\n<div class=\"elementor-container elementor-column-gap-default\">\n<div class=\"elementor-column elementor-col-100 elementor-top-column elementor-element elementor-element-acc5413\" data-id=\"acc5413\" data-element_type=\"column\">\n<div class=\"elementor-widget-wrap elementor-element-populated\">\n<div class=\"elementor-element elementor-element-ba64864 elementor-widget elementor-widget-text-editor\" data-id=\"ba64864\" data-element_type=\"widget\" data-widget_type=\"text-editor.default\">\n<div class=\"elementor-widget-container\">\n<div>\n<p><strong>LISTE INGREDIENTI<\/strong><\/p>\n<p>NOCI E CIOCCOLATO: Farina di <strong>frumento<\/strong> tipo 00, zucchero, <strong>burro<\/strong>, cioccolato fondente (10,8%), <strong>noci<\/strong> (10,8%), <strong>uova<\/strong>, sale, agenti lievitanti: difosfati, aroma vaniglia.<\/p>\n<div>\n<div>\n<p><strong>Contiene allergeni: glutine, prodotti a base di latte, noci, uova.<\/strong><\/p>\n<\/div>\n<\/div>\n<\/div>\n<p>NOCI E UVETTA: <span class=\"a_GcMg font-feature-liga-off font-feature-clig-off font-feature-calt-off text-decoration-none text-strikethrough-none\">Farina di <\/span><strong><span class=\"a_GcMg font-feature-liga-off font-feature-clig-off font-feature-calt-off text-decoration-none text-strikethrough-none\">frumento<\/span><\/strong><span class=\"a_GcMg font-feature-liga-off font-feature-clig-off font-feature-calt-off text-decoration-none text-strikethrough-none\"> tipo 00, zucchero, <\/span><strong><span class=\"a_GcMg font-feature-liga-off font-feature-clig-off font-feature-calt-off text-decoration-none text-strikethrough-none\">burro<\/span><\/strong><span class=\"a_GcMg font-feature-liga-off font-feature-clig-off font-feature-calt-off text-decoration-none text-strikethrough-none\">, uvetta (10,8%), <\/span><strong><span class=\"a_GcMg font-feature-liga-off font-feature-clig-off font-feature-calt-off text-decoration-none text-strikethrough-none\">noci<\/span><\/strong><span class=\"a_GcMg font-feature-liga-off font-feature-clig-off font-feature-calt-off text-decoration-none text-strikethrough-none\"> (10,8 %), <\/span><strong><span class=\"a_GcMg font-feature-liga-off font-feature-clig-off font-feature-calt-off text-decoration-none text-strikethrough-none\">uova<\/span><\/strong><span class=\"a_GcMg font-feature-liga-off font-feature-clig-off font-feature-calt-off text-decoration-none text-strikethrough-none\">, sale, agenti lievitanti: bicarbonato di sodio, chiodi di garofano in polvere, cannella in polvere.<\/span><\/p>\n<p class=\"cvGsUA direction-ltr align-justify para-style-body\"><strong><span class=\"a_GcMg font-feature-liga-off font-feature-clig-off font-feature-calt-off text-decoration-none text-strikethrough-none\">Contiene allergeni: <\/span><span class=\"a_GcMg font-feature-liga-off font-feature-clig-off font-feature-calt-off text-decoration-none text-strikethrough-none\">glutine, prodotti a base di latte, noci, uova.<\/span><\/strong><\/p>\n<div>\n<p>NOCI E MELE: Farina di <strong>frumento<\/strong> tipo 00, zucchero, <strong>burro<\/strong>, mele semi-candite in cubetti (10,8 %), <strong>noci<\/strong> (10,8 %), <strong>uova<\/strong>, intero, agenti lievitanti: bicarbonato di sodio, sale.<\/p>\n<div>\n<div>\n<p><strong>Contiene allergeni: glutine, prodotti a base di latte, noci, uova.<\/strong><\/p>\n<\/div>\n<\/div>\n<div>\n<p>NOCI E FRUTTI DI BOSCO: Farina di <strong>frumento<\/strong> tipo 00, zucchero, <strong>burro<\/strong>, <strong>noci<\/strong> (10,8%), frutti di bosco (10,8%): more, mirtilli, lamponi, ribes, fragole; acido citrico, uova, sale, agenti lievitanti: bicarbonato di sodio.<\/p>\n<div>\n<div>\n<p><strong>Contiene allergeni: glutine, prodotti a base di latte, noci, uova.<\/strong><\/p>\n<\/div>\n<\/div>\n<\/div>\n<\/div>\n<\/div>\n<\/div>\n<div class=\"elementor-element elementor-element-88fd3d8 elementor-widget-divider--view-line elementor-widget elementor-widget-divider\" data-id=\"88fd3d8\" data-element_type=\"widget\" data-widget_type=\"divider.default\">\n<div class=\"elementor-widget-container\">\n<div class=\"elementor-divider\"><\/div>\n<\/div>\n<\/div>\n<\/div>\n<\/div>\n<\/div>\n<\/section>\n<section class=\"elementor-section elementor-top-section elementor-element elementor-element-da2b6cf elementor-section-boxed elementor-section-height-default elementor-section-height-default\" data-id=\"da2b6cf\" data-element_type=\"section\">\n<div class=\"elementor-container elementor-column-gap-default\">\n<div class=\"elementor-column elementor-col-100 elementor-top-column elementor-element elementor-element-60dc154\" data-id=\"60dc154\" data-element_type=\"column\">\n<div class=\"elementor-widget-wrap elementor-element-populated\">\n<div class=\"elementor-element elementor-element-ea2ad81 elementor-widget elementor-widget-text-editor\" data-id=\"ea2ad81\" data-element_type=\"widget\" data-widget_type=\"text-editor.default\">\n<div class=\"elementor-widget-container\">\n<p><strong>VALORI NUTRIZIONALI (per 100 g di prodotto)<\/strong><\/p>\n<p>NOCI E CIOCCOLATO: Energia 1950kJ\u00a0 467 kcal; Grassi 26g di cui saturi 11g; Carboidrati 51g di cui zuccheri 29g; Fibre 1,9g; Proteine 6,2; Sale 1,1g<\/p>\n<p>NOCI E UVETTA: Energia 1842kJ\u00a0 440 kcal; Grassi 22g di cui saturi 9,1g; Carboidrati 54g di cui zuccheri 32g; Fibre 1,9g; Proteine 5,6g; Sale 1,6g<\/p>\n<p>NOCI E MELE: Energia 1699kJ\u00a0 406 kcal; Grassi 22g di cui saturi 9,1g; Carboidrati 46g di cui zuccheri 24g; Fibre 1,2g; Proteine 5,5g; Sale 1,2g<\/p>\n<p>NOCI E FRUTTI DI BOSCO: Energia 1800kJ\u00a0 430 kcal; Grassi 22g di cui saturi 9,1g; Carboidrati 52g di cui zuccheri 30g; Fibre 1,3g; Proteine 5,4g; Sale 1,6g<\/p>\n<p><strong>Assunzioni di riferimento di un adulto medio 8400kJ\/2000kcal<\/strong><\/p>\n<\/div>\n<\/div>\n<\/div>\n<\/div>\n<\/div>\n<\/section>\n<section class=\"elementor-section elementor-top-section elementor-element elementor-element-0a35440 elementor-section-boxed elementor-section-height-default elementor-section-height-default\" data-id=\"0a35440\" data-element_type=\"section\">\n<div class=\"elementor-container elementor-column-gap-default\">\n<div class=\"elementor-column elementor-col-100 elementor-top-column elementor-element elementor-element-82f9b25\" data-id=\"82f9b25\" data-element_type=\"column\">\n<div class=\"elementor-widget-wrap elementor-element-populated\">\n<div class=\"elementor-element elementor-element-d9179cd elementor-widget elementor-widget-text-editor\" data-id=\"d9179cd\" data-element_type=\"widget\" data-widget_type=\"text-editor.default\">\n<div class=\"elementor-widget-container\">\n<p><strong>CONSERVAZIONE IN LUOGO FRESCO E ASCIUTTO<\/strong><\/p>\n<\/div>\n<\/div>\n<\/div>\n<\/div>\n<\/div>\n<\/section>\n<\/div>\n<\/div>\n<div><\/div>\n<p>&nbsp;<\/p>","protected":false},"excerpt":{"rendered":"<p><strong>NUOVA CONFEZIONE IN ASTUCCIO DI CARTONCINO<\/strong><\/p>\n<p><strong>Stesso prodotto: pi\u00f9 bello, pi\u00f9 protetto, pi\u00f9 di valore!<\/strong><\/p>\n<p>&nbsp;<\/p>\n<p><span dir=\"ltr\" role=\"presentation\">La ricetta dei<\/span> <span dir=\"ltr\" role=\"presentation\">Cookies<\/span> <span dir=\"ltr\" role=\"presentation\">nasce per caso, intorno agli anni &#8217;30 nella cucina di Ruth Wakefield, la padrona dell&#8217;albergo <\/span><span dir=\"ltr\" role=\"presentation\">\u201c<\/span><span dir=\"ltr\" role=\"presentation\">Toll House Inn<\/span><span dir=\"ltr\" role=\"presentation\">\u201d.<br \/>\nRuth aveva terminato il cacao in polvere che solitamente utilizzava per preparare i biscotti al burro <\/span><span dir=\"ltr\" role=\"presentation\">per i suoi clienti. Cos\u00ec decise di tritare finemente una barretta di cioccolato e aggiungerla all&#8217;impasto, immaginando <\/span><span dir=\"ltr\" role=\"presentation\">che si sarebbe sciolta.<br \/>\nIn realt\u00e0 i pezzetti rimasero intatti, ma i suoi clienti furono entusiasti di questa golosa versione.<br \/>\n<\/span><span dir=\"ltr\" role=\"presentation\">Sembra dunque sia nato cos\u00ec quello che divenne il biscotto pi\u00f9 famoso d&#8217;America.<\/span><br role=\"presentation\" \/><span dir=\"ltr\" role=\"presentation\">Dulcis in Fiore ha voluto riproporre questa golosit\u00e0, per offrire una nuova linea di biscotti artigianali che potessero <\/span><span dir=\"ltr\" role=\"presentation\">arricchire la gamma rivolta in particolare alla prima colazione.<\/span><br role=\"presentation\" \/><span dir=\"ltr\" role=\"presentation\">Per la loro caratteristica rusticit\u00e0, si \u00e8 voluto dargli un&#8217;identit\u00e0 anche col nome della referenza, richiamando poi <\/span><span dir=\"ltr\" role=\"presentation\">l&#8217;antenato americano e legandolo al territorio della Sila.<\/span><br role=\"presentation\" \/><span dir=\"ltr\" role=\"presentation\">L\u2019<\/span><span dir=\"ltr\" role=\"presentation\">impasto<\/span> <span dir=\"ltr\" role=\"presentation\">\u00e8 fatto di pochi ingredienti, avendo sempre la stessa cura di selezione delle materie prime.<\/span><\/p>","protected":false},"featured_media":14643,"comment_status":"open","ping_status":"closed","template":"","meta":[],"product_brand":[],"product_cat":[244],"product_tag":[],"class_list":{"0":"post-14642","1":"product","2":"type-product","3":"status-publish","4":"has-post-thumbnail","6":"product_cat-biscotti","8":"first","9":"instock","10":"shipping-taxable","11":"purchasable","12":"product-type-variable"},"_links":{"self":[{"href":"https:\/\/www.dulcisinfiore.it\/en\/wp-json\/wp\/v2\/product\/14642","targetHints":{"allow":["GET"]}}],"collection":[{"href":"https:\/\/www.dulcisinfiore.it\/en\/wp-json\/wp\/v2\/product"}],"about":[{"href":"https:\/\/www.dulcisinfiore.it\/en\/wp-json\/wp\/v2\/types\/product"}],"replies":[{"embeddable":true,"href":"https:\/\/www.dulcisinfiore.it\/en\/wp-json\/wp\/v2\/comments?post=14642"}],"version-history":[{"count":16,"href":"https:\/\/www.dulcisinfiore.it\/en\/wp-json\/wp\/v2\/product\/14642\/revisions"}],"predecessor-version":[{"id":15992,"href":"https:\/\/www.dulcisinfiore.it\/en\/wp-json\/wp\/v2\/product\/14642\/revisions\/15992"}],"wp:featuredmedia":[{"embeddable":true,"href":"https:\/\/www.dulcisinfiore.it\/en\/wp-json\/wp\/v2\/media\/14643"}],"wp:attachment":[{"href":"https:\/\/www.dulcisinfiore.it\/en\/wp-json\/wp\/v2\/media?parent=14642"}],"wp:term":[{"taxonomy":"product_brand","embeddable":true,"href":"https:\/\/www.dulcisinfiore.it\/en\/wp-json\/wp\/v2\/product_brand?post=14642"},{"taxonomy":"product_cat","embeddable":true,"href":"https:\/\/www.dulcisinfiore.it\/en\/wp-json\/wp\/v2\/product_cat?post=14642"},{"taxonomy":"product_tag","embeddable":true,"href":"https:\/\/www.dulcisinfiore.it\/en\/wp-json\/wp\/v2\/product_tag?post=14642"}],"curies":[{"name":"wp","href":"https:\/\/api.w.org\/{rel}","templated":true}]}}