{"id":15413,"date":"2023-12-04T10:22:29","date_gmt":"2023-12-04T10:22:29","guid":{"rendered":"https:\/\/www.dulcisinfiore.it\/?post_type=product&#038;p=15413"},"modified":"2026-01-16T17:18:54","modified_gmt":"2026-01-16T17:18:54","slug":"panettone","status":"publish","type":"product","link":"https:\/\/www.dulcisinfiore.it\/en\/product\/panettone\/","title":{"rendered":"Panettone artigianale"},"content":{"rendered":"<div data-elementor-type=\"product-post\" data-elementor-id=\"15413\" class=\"elementor elementor-15413\" data-elementor-post-type=\"product\">\n\t\t\t\t\t\t<section class=\"elementor-section elementor-top-section elementor-element elementor-element-38df1bde elementor-section-boxed elementor-section-height-default elementor-section-height-default\" data-id=\"38df1bde\" data-element_type=\"section\" data-e-type=\"section\">\n\t\t\t\t\t\t<div class=\"elementor-container elementor-column-gap-default\">\n\t\t\t\t\t<div class=\"elementor-column elementor-col-100 elementor-top-column elementor-element elementor-element-67a13e47\" data-id=\"67a13e47\" data-element_type=\"column\" data-e-type=\"column\">\n\t\t\t<div class=\"elementor-widget-wrap elementor-element-populated\">\n\t\t\t\t\t\t<div class=\"elementor-element elementor-element-9fed9f8 elementor-widget elementor-widget-text-editor\" data-id=\"9fed9f8\" data-element_type=\"widget\" data-e-type=\"widget\" data-widget_type=\"text-editor.default\">\n\t\t\t\t<div class=\"elementor-widget-container\">\n\t\t\t\t\t\t\t\t\t<p>Anche quest&#8217;anno, il nostro panettone artigianale \u00e8 pronto a deliziare nuovamente i vostri sensi con la stessa qualit\u00e0 che ci contraddistingue. Fedeli al nostro impegno di preservare la ricchezza della tradizione locale, abbiamo lavorato instancabilmente per offrirvi un&#8217;esperienza gustativa autentica, avvicinandoci quanto pi\u00f9 possibile ai sapori che caratterizzano la nostra amata tradizione.<\/p><p>Fiore all&#8217;occhiello il <em><strong>panettone alla pitta &#8216;mpigliata<\/strong><\/em>, un omaggio al nostro distintivo marchio di fabbrica, la regina dei dolci, la Pitta &#8216;Mpigliata. Questa prelibatezza \u00e8 realizzata con una glassa a base di farina di noci, che aggiunge un tocco di rusticit\u00e0 e autenticit\u00e0 alla nostra selezione.<\/p><p>Oltre al &#8220;<i>panettonpitta<\/i>&#8220;, vi presentiamo una variet\u00e0 di gusti che incanteranno i vostri palati:<\/p><ol><li style=\"font-size: 15px;\"><span style=\"font-weight: bolder;\">Classico:<\/span>\u00a0Per gli amanti delle tradizioni, una glassa a base di farina di mandorle che offre un gusto avvolgente e familiare.<\/li><li style=\"font-size: 15px;\"><span style=\"font-weight: bolder;\">Gocce di cioccolato:<\/span>\u00a0Un tripudio di piacere con la glassa di cioccolato fondente che si fonde in bocca con ogni morso.<\/li><li style=\"font-size: 15px;\"><span style=\"font-weight: bolder;\">Pistacchio:<\/span>\u00a0Una deliziosa glassa di pistacchio con granella, che cattura l&#8217;intenso sapore di questo prezioso ingrediente.<\/li><li><strong>Gianduia:<\/strong> Un&#8217;irresistibile crema alla gianduia, che regala un&#8217;armonia perfetta tra dolcezza e cremosit\u00e0.<\/li><li><strong>Frutti di bosco e cioccolato bianco:<\/strong> Golosissimo cioccolato bianco al gusto di frutti di bosco, per chi ama concedersi una dolcezza pi\u00f9 fresca e fruttata.<\/li><\/ol>\t\t\t\t\t\t\t\t<\/div>\n\t\t\t\t<\/div>\n\t\t\t\t\t<\/div>\n\t\t<\/div>\n\t\t\t\t\t<\/div>\n\t\t<\/section>\n\t\t\t\t<\/div>","protected":false},"excerpt":{"rendered":"<p>Quest&#8217;anno, il nostro panettone artigianale \u00e8 pronto a deliziare nuovamente i vostri sensi con la stessa qualit\u00e0 che ci contraddistingue.<\/p>\n<p>vi presentiamo una variet\u00e0 di gusti che incanteranno i vostri palati:<\/p>\n<p>&nbsp;<\/p>\n<ol>\n<li><strong>Alla pitta &#8216;mpigliata: <\/strong>Per chi non pu\u00f2 far a meno del gusto unico della <em>Pitta &#8216;Mpigliata<\/em>, una glassa a base di farina di noci per farvi vivere la tradizione Sangiovannese a ogni morso!<\/li>\n<li><strong>Classico:<\/strong> Per gli amanti delle tradizioni, una glassa a base di farina di mandorle che offre un gusto avvolgente e familiare.<\/li>\n<li><strong>Cioccolato:<\/strong> Un tripudio di piacere con la glassa di cioccolato fondente che si fonde in bocca con ogni morso, unito alle gocce di cioccolato interne e, come se non bastasse, una sac-a-poche ripiena di crema alla gianduia per i pi\u00f9 temerari.<\/li>\n<li><strong>Pistacchio:<\/strong> Una deliziosa glassa di pistacchio con granella, che cattura l&#8217;intenso sapore di questo prezioso ingrediente, e all&#8217;interno una sac-a-poche ripiena di crema al pistacchio.<\/li>\n<li><strong>Chocorum:<\/strong> Raffinato panettone con glassa esterna e gocce interne di cioccolato fondente, aromatizzato al rum, per veri intenditori e buongustai.<\/li>\n<\/ol>\n<p><em><strong>Peso 750gr<\/strong><\/em><\/p>","protected":false},"featured_media":15861,"comment_status":"open","ping_status":"closed","template":"","meta":[],"product_brand":[],"product_cat":[253],"product_tag":[],"class_list":{"0":"post-15413","1":"product","2":"type-product","3":"status-publish","4":"has-post-thumbnail","6":"product_cat-panettoni","8":"first","9":"outofstock","10":"shipping-taxable","11":"purchasable","12":"product-type-variable"},"_links":{"self":[{"href":"https:\/\/www.dulcisinfiore.it\/en\/wp-json\/wp\/v2\/product\/15413","targetHints":{"allow":["GET"]}}],"collection":[{"href":"https:\/\/www.dulcisinfiore.it\/en\/wp-json\/wp\/v2\/product"}],"about":[{"href":"https:\/\/www.dulcisinfiore.it\/en\/wp-json\/wp\/v2\/types\/product"}],"replies":[{"embeddable":true,"href":"https:\/\/www.dulcisinfiore.it\/en\/wp-json\/wp\/v2\/comments?post=15413"}],"version-history":[{"count":16,"href":"https:\/\/www.dulcisinfiore.it\/en\/wp-json\/wp\/v2\/product\/15413\/revisions"}],"predecessor-version":[{"id":15862,"href":"https:\/\/www.dulcisinfiore.it\/en\/wp-json\/wp\/v2\/product\/15413\/revisions\/15862"}],"wp:featuredmedia":[{"embeddable":true,"href":"https:\/\/www.dulcisinfiore.it\/en\/wp-json\/wp\/v2\/media\/15861"}],"wp:attachment":[{"href":"https:\/\/www.dulcisinfiore.it\/en\/wp-json\/wp\/v2\/media?parent=15413"}],"wp:term":[{"taxonomy":"product_brand","embeddable":true,"href":"https:\/\/www.dulcisinfiore.it\/en\/wp-json\/wp\/v2\/product_brand?post=15413"},{"taxonomy":"product_cat","embeddable":true,"href":"https:\/\/www.dulcisinfiore.it\/en\/wp-json\/wp\/v2\/product_cat?post=15413"},{"taxonomy":"product_tag","embeddable":true,"href":"https:\/\/www.dulcisinfiore.it\/en\/wp-json\/wp\/v2\/product_tag?post=15413"}],"curies":[{"name":"wp","href":"https:\/\/api.w.org\/{rel}","templated":true}]}}