{"id":15499,"date":"2024-02-06T09:23:18","date_gmt":"2024-02-06T09:23:18","guid":{"rendered":"https:\/\/www.dulcisinfiore.it\/?post_type=product&#038;p=15499"},"modified":"2026-04-10T12:44:18","modified_gmt":"2026-04-10T12:44:18","slug":"colomba-artigianale","status":"publish","type":"product","link":"https:\/\/www.dulcisinfiore.it\/en\/product\/colomba-artigianale\/","title":{"rendered":"Colomba Artigianale"},"content":{"rendered":"<p><strong>Scopri l&#8217;Esclusiva Sensazione di Pasqua con &#8220;Dulcis in Fiore&#8221;<\/strong><\/p>\n<p>Nella quiete del nostro laboratorio di San Giovanni in Fiore, dove il tempo sembra essersi fermato, nasce un capolavoro di gusto che attende di essere scoperto: la nostra Colomba Pasquale Artigianale.<\/p>\n<p><strong>La Tradizione Incontra l&#8217;Eccellenza:<\/strong>\u00a0Ogni colomba \u00e8 un viaggio nel sapore, un&#8217;opera artigianale che racchiude il frutto di generazioni di maestri pasticcieri. La sapienza antica si fonde con la selezione rigorosa delle migliori materie prime, per regalarti un&#8217;esperienza di gusto autentica e senza tempo.<\/p>\n<p><strong>Un Packaging che Parla al Cuore:<\/strong>\u00a0Non solo un dolce, ma un vero e proprio gioiello da ammirare e gustare, adagiato in un packaging creato per stupire: elegante, raffinato, pronto a trasformarsi nel regalo perfetto per chi ami.<\/p>\n<p><strong>L&#8217;Innovazione nel Rispetto della Freschezza:<\/strong>\u00a0Con &#8220;Dulcis in Fiore&#8221; non ti limiti a gustare, ma diventi artefice della tua esperienza culinaria. All&#8217;interno del tuo esclusivo kit troverai una pratica Sac \u00e0 poche con la crema da te selezionata. Perch\u00e9? Per garantire che ogni nota di sapore sia esaltata al momento giusto, per una freschezza e una cremosit\u00e0 che solo l&#8217;artigianalit\u00e0 pu\u00f2 offrire.<\/p>\n<p><strong>Una Variet\u00e0 di Sapori per Ogni Palato:<\/strong><\/p>\n<ul>\n<li><strong>Colomba alla pitta \u2018mpigliata<\/strong>: Un intreccio di NOCI e uva passa, avvolto da note di cannella e un soffio di arancia di Calabria, sormontato da una croccante glassa MANDORLATA con NOCI spezzettate.<\/li>\n<\/ul>\n<table border=\"1\" cellspacing=\"1\" cellpadding=\"1\">\n<caption>\u00a0<\/caption>\n<thead>\n<tr>\n<th scope=\"col\">Energia<\/th>\n<th scope=\"col\">392,9 Kcal 1593,2 KJ<\/th>\n<\/tr>\n<\/thead>\n<tbody>\n<tr>\n<td>Grassi<\/td>\n<td>21g<\/td>\n<\/tr>\n<tr>\n<td>di cui saturi<\/td>\n<td>11,8g<\/td>\n<\/tr>\n<tr>\n<td>Carboidrati<\/td>\n<td>45,7g<\/td>\n<\/tr>\n<tr>\n<td>di cui zuccheri<\/td>\n<td>15,1g<\/td>\n<\/tr>\n<tr>\n<td>Proteine<\/td>\n<td>8,6g<\/td>\n<\/tr>\n<tr>\n<td>Sale<\/td>\n<td>0,08g<\/td>\n<\/tr>\n<\/tbody>\n<\/table>\n<ul>\n<li><strong>Colomba al Pistacchio<\/strong>: L&#8217;essenza del PISTACCHIO in ogni morso, dalla morbida pasta al croccante rivestimento, un tributo alla pi\u00f9 verde delle delizie siciliane.<\/li>\n<\/ul>\n<table border=\"1\" cellspacing=\"1\" cellpadding=\"1\">\n<caption>\u00a0<\/caption>\n<thead>\n<tr>\n<th scope=\"col\">Energia<\/th>\n<th scope=\"col\">389,9 Kcal 1585,2 KJ<\/th>\n<\/tr>\n<\/thead>\n<tbody>\n<tr>\n<td>Grassi<\/td>\n<td>19g<\/td>\n<\/tr>\n<tr>\n<td>di cui saturi<\/td>\n<td>11,3g<\/td>\n<\/tr>\n<tr>\n<td>Carboidrati<\/td>\n<td>43,6g<\/td>\n<\/tr>\n<tr>\n<td>di cui zuccheri<\/td>\n<td>14,5g<\/td>\n<\/tr>\n<tr>\n<td>Proteine<\/td>\n<td>7,9g<\/td>\n<\/tr>\n<tr>\n<td>Sale<\/td>\n<td>0,08g<\/td>\n<\/tr>\n<\/tbody>\n<\/table>\n<p class=\"p1\">*I valori nutrizionali sopracitati fanno riferimento esclusivamente della colomba intesa come impasto; i valori nutrizionali e gli ingredienti della crema sono indicati sulla sac a poche.<\/p>\n<ul>\n<li><strong>Colomba al Limone<\/strong>: Un incontro seducente tra LATTE e LIMONE, un abbraccio di sapori che solo la freschezza del limone sa regalare.<\/li>\n<\/ul>\n<table border=\"1\" cellspacing=\"1\" cellpadding=\"1\">\n<caption>\u00a0<\/caption>\n<thead>\n<tr>\n<th scope=\"col\">Energia<\/th>\n<th scope=\"col\">389,9 Kcal 1585,2 KJ<\/th>\n<\/tr>\n<\/thead>\n<tbody>\n<tr>\n<td>Grassi<\/td>\n<td>19g<\/td>\n<\/tr>\n<tr>\n<td>di cui saturi<\/td>\n<td>11,3g<\/td>\n<\/tr>\n<tr>\n<td>Carboidrati<\/td>\n<td>43,6g<\/td>\n<\/tr>\n<tr>\n<td>di cui zuccheri<\/td>\n<td>14,5g<\/td>\n<\/tr>\n<tr>\n<td>Proteine<\/td>\n<td>7,9g<\/td>\n<\/tr>\n<tr>\n<td>Sale<\/td>\n<td>0,08g<\/td>\n<\/tr>\n<\/tbody>\n<\/table>\n<p class=\"p1\">*I valori nutrizionali sopracitati fanno riferimento esclusivamente della colomba intesa come impasto; i valori nutrizionali e gli ingredienti della crema sono indicati sulla sac a poche.<\/p>\n<ul>\n<li><strong>Colomba con Gocce di Cioccolato<\/strong>: Per gli amanti del cioccolato, una pioggia di gocce fondenti che si nascondono in un soffice abbraccio di pasta lievitata.<\/li>\n<\/ul>\n<table border=\"1\" cellspacing=\"1\" cellpadding=\"1\">\n<thead>\n<tr>\n<th scope=\"col\">Energia<\/th>\n<th scope=\"col\">390,8 Kcal 1586,7 KJ<\/th>\n<\/tr>\n<\/thead>\n<tbody>\n<tr>\n<td>Grassi<\/td>\n<td>19,3g<\/td>\n<\/tr>\n<tr>\n<td>di cui saturi<\/td>\n<td>11,7g<\/td>\n<\/tr>\n<tr>\n<td>Carboidrati<\/td>\n<td>43,8g<\/td>\n<\/tr>\n<tr>\n<td>di cui zuccheri<\/td>\n<td>14,9g<\/td>\n<\/tr>\n<tr>\n<td>Proteine<\/td>\n<td>7,9g<\/td>\n<\/tr>\n<tr>\n<td>Sale<\/td>\n<td>0,08g<\/td>\n<\/tr>\n<\/tbody>\n<\/table>\n<ul>\n<li><strong>Colomba Classica<\/strong>: La tradizione si veste di canditi all&#8217;arancia e si corona di una glassa MANDORLATA arricchita di MANDORLE a fette, per un&#8217;esperienza che sa di festa.<\/li>\n<\/ul>\n<table border=\"1\" cellspacing=\"1\" cellpadding=\"1\">\n<thead>\n<tr>\n<th scope=\"col\">Energia<\/th>\n<th scope=\"col\">392,9 Kcal 1593,2 KJ<\/th>\n<\/tr>\n<\/thead>\n<tbody>\n<tr>\n<td>Grassi<\/td>\n<td>21g<\/td>\n<\/tr>\n<tr>\n<td>di cui saturi<\/td>\n<td>11,8g<\/td>\n<\/tr>\n<tr>\n<td>Carboidrati<\/td>\n<td>45,7g<\/td>\n<\/tr>\n<tr>\n<td>di cui zuccheri<\/td>\n<td>15,1g<\/td>\n<\/tr>\n<tr>\n<td>Proteine<\/td>\n<td>8,6g<\/td>\n<\/tr>\n<tr>\n<td>Sale<\/td>\n<td>0,08g<\/td>\n<\/tr>\n<\/tbody>\n<\/table>\n<p><strong>Rendi Unica la Tua Pasqua con un Tocco di Magia:<\/strong>\u00a0Seleziona il sapore che fa danzare le tue papille gustative e preparati a vivere un momento di condivisione e dolcezza che solo &#8220;Dulcis in Fiore&#8221; sa regalare.<\/p>\n<p><strong>Ordina Ora la Tua Colomba Artigianale e Scopri il Gusto Autentico della Pasqua Sangiovannese<\/strong><\/p>","protected":false},"excerpt":{"rendered":"<p><strong>Scopri l&#8217;Esclusiva Sensazione di Pasqua con &#8220;Dulcis in Fiore&#8221;<\/strong><\/p>\n<p>Nella quiete del nostro laboratorio di Sangiovanni, dove il tempo sembra essersi fermato, nasce un capolavoro di gusto che attende di essere scoperto: la nostra Colomba Pasquale Artigianale.<\/p>\n<p><strong>Una Variet\u00e0 di Sapori per Ogni Palato:<br \/>\n<\/strong><em>Colomba \u2018Mpigliata, Colomba al Pistacchio, Colomba alla Gianduia, Colomba con Gocce di Cioccolato, Colomba Classica.<\/em><\/p>\n<p><strong>Peso netto 750g<\/strong><\/p>\n<p>&nbsp;<\/p>","protected":false},"featured_media":16019,"comment_status":"open","ping_status":"closed","template":"","meta":[],"product_brand":[],"product_cat":[241],"product_tag":[],"class_list":{"0":"post-15499","1":"product","2":"type-product","3":"status-publish","4":"has-post-thumbnail","6":"product_cat-colombe","8":"first","9":"outofstock","10":"shipping-taxable","11":"purchasable","12":"product-type-variable"},"_links":{"self":[{"href":"https:\/\/www.dulcisinfiore.it\/en\/wp-json\/wp\/v2\/product\/15499","targetHints":{"allow":["GET"]}}],"collection":[{"href":"https:\/\/www.dulcisinfiore.it\/en\/wp-json\/wp\/v2\/product"}],"about":[{"href":"https:\/\/www.dulcisinfiore.it\/en\/wp-json\/wp\/v2\/types\/product"}],"replies":[{"embeddable":true,"href":"https:\/\/www.dulcisinfiore.it\/en\/wp-json\/wp\/v2\/comments?post=15499"}],"version-history":[{"count":8,"href":"https:\/\/www.dulcisinfiore.it\/en\/wp-json\/wp\/v2\/product\/15499\/revisions"}],"predecessor-version":[{"id":15813,"href":"https:\/\/www.dulcisinfiore.it\/en\/wp-json\/wp\/v2\/product\/15499\/revisions\/15813"}],"wp:featuredmedia":[{"embeddable":true,"href":"https:\/\/www.dulcisinfiore.it\/en\/wp-json\/wp\/v2\/media\/16019"}],"wp:attachment":[{"href":"https:\/\/www.dulcisinfiore.it\/en\/wp-json\/wp\/v2\/media?parent=15499"}],"wp:term":[{"taxonomy":"product_brand","embeddable":true,"href":"https:\/\/www.dulcisinfiore.it\/en\/wp-json\/wp\/v2\/product_brand?post=15499"},{"taxonomy":"product_cat","embeddable":true,"href":"https:\/\/www.dulcisinfiore.it\/en\/wp-json\/wp\/v2\/product_cat?post=15499"},{"taxonomy":"product_tag","embeddable":true,"href":"https:\/\/www.dulcisinfiore.it\/en\/wp-json\/wp\/v2\/product_tag?post=15499"}],"curies":[{"name":"wp","href":"https:\/\/api.w.org\/{rel}","templated":true}]}}