{"id":15780,"date":"2025-02-08T16:05:37","date_gmt":"2025-02-08T16:05:37","guid":{"rendered":"https:\/\/www.dulcisinfiore.it\/?post_type=product&#038;p=15780"},"modified":"2026-01-31T10:48:32","modified_gmt":"2026-01-31T10:48:32","slug":"tocchetti-il-cantuccio-silano","status":"publish","type":"product","link":"https:\/\/www.dulcisinfiore.it\/en\/product\/tocchetti-il-cantuccio-silano\/","title":{"rendered":"Tocchetti &#8211; il cantuccio silano"},"content":{"rendered":"<div data-elementor-type=\"product-post\" data-elementor-id=\"15780\" class=\"elementor elementor-15780\" data-elementor-post-type=\"product\">\n\t\t\t\t\t\t<section class=\"elementor-section elementor-top-section elementor-element elementor-element-6fe1da81 elementor-section-boxed elementor-section-height-default elementor-section-height-default\" data-id=\"6fe1da81\" data-element_type=\"section\" data-e-type=\"section\">\n\t\t\t\t\t\t<div class=\"elementor-container elementor-column-gap-default\">\n\t\t\t\t\t<div class=\"elementor-column elementor-col-100 elementor-top-column elementor-element elementor-element-57972808\" data-id=\"57972808\" data-element_type=\"column\" data-e-type=\"column\">\n\t\t\t<div class=\"elementor-widget-wrap elementor-element-populated\">\n\t\t\t\t\t\t<div class=\"elementor-element elementor-element-73899a41 elementor-widget elementor-widget-text-editor\" data-id=\"73899a41\" data-element_type=\"widget\" data-e-type=\"widget\" data-widget_type=\"text-editor.default\">\n\t\t\t\t<div class=\"elementor-widget-container\">\n\t\t\t\t\t\t\t\t\tDalla rivisitazione dei famosi cantucci toscani, prendono vita nel nostro laboratorio artigianale i <strong><em>&#8216;<\/em><em>tocchetti&#8217;<\/em><\/strong> , fragranti e profumati, proposti in diversi gusti, proprio per valorizzare le peculiarit\u00e0 del nostro territorio.\r\n\r\nDai classici con le mandorle, ne abbiamo ricavato altre varianti, che probabilmente conquisteranno il palato di tutti molto pi\u00f9 dei primi.\r\n\r\nNon poteva mancare il gusto <strong>pitta &#8216;mpigliata<\/strong>, la nostra firma, con noci e uvetta all&#8217;interno; il gusto <strong>arancia<\/strong> riprende senz&#8217;altro l&#8217;aroma agrumato tipico delle nostre terre del sud; e poi abbiamo deciso di inserire nel nostro paniere un&#8217;altra eccellenza calabra, il <strong>cedro<\/strong> che, come il bergamotto, cresce solo sulle nostre coste tirreniche, da poco riconosciuto con il marchio DOP.\t\t\t\t\t\t\t\t<\/div>\n\t\t\t\t<\/div>\n\t\t\t\t\t<\/div>\n\t\t<\/div>\n\t\t\t\t\t<\/div>\n\t\t<\/section>\n\t\t\t\t<section class=\"elementor-section elementor-top-section elementor-element elementor-element-89654ba elementor-section-boxed elementor-section-height-default elementor-section-height-default\" data-id=\"89654ba\" data-element_type=\"section\" data-e-type=\"section\">\n\t\t\t\t\t\t<div class=\"elementor-container elementor-column-gap-default\">\n\t\t\t\t\t<div class=\"elementor-column elementor-col-100 elementor-top-column elementor-element elementor-element-acc5413\" data-id=\"acc5413\" data-element_type=\"column\" data-e-type=\"column\">\n\t\t\t<div class=\"elementor-widget-wrap elementor-element-populated\">\n\t\t\t\t\t\t<div class=\"elementor-element elementor-element-ba64864 elementor-widget elementor-widget-text-editor\" data-id=\"ba64864\" data-element_type=\"widget\" data-e-type=\"widget\" data-widget_type=\"text-editor.default\">\n\t\t\t\t<div class=\"elementor-widget-container\">\n\t\t\t\t\t\t\t\t\t<div><p><strong>LISTE INGREDIENTI<\/strong><\/p><p><span style=\"text-decoration: underline;\">CLASSICI ALLE MANDORLE:<\/span> Farina di <strong>frumento<\/strong> tipo 00, zucchero, <strong>mandorle<\/strong> dolci secche (20,2 %), <strong>uova<\/strong>, <strong>burro<\/strong>, agenti lievitanti: difosfati, sale, aroma mandorla.<\/p><p><strong>Contiene allergeni: glutine, mandorle, burro, uova.<\/strong><\/p><\/div><p><span style=\"text-decoration: underline;\">NOCI E UVETTA:<\/span> Farina di <strong>frumento<\/strong> tipo 00, zucchero, <strong>uova<\/strong>, <strong>burro<\/strong>, <strong>noci<\/strong> (10,1%), uvetta sultanina (10,1%), agenti lievitanti: difosfati, sale, cannella, chiodi di garofano, aroma arancia.<\/p><div><div><p><strong>Contiene allergeni: glutine, noci, burro, uova.<\/strong><\/p><\/div><p><span style=\"text-decoration: underline;\">ALL&#8217;ARANCIA:<\/span> Farina di <strong>frumento<\/strong> tipo 00, zucchero, arance candite (20,2%), <strong>uova<\/strong>, <strong>burro<\/strong>, agenti lievitanti: difosfati, sale, aroma arancia.<\/p><div><div><p><strong>Contiene allergeni: glutine, burro, uova.<\/strong><\/p><\/div><p><span style=\"text-decoration: underline;\">AL CEDRO:<\/span> Farina di <strong>frumento<\/strong> tipo 00, zucchero, cedri candite (20,2%), <strong>uova<\/strong>, <strong>burro<\/strong>, agenti lievitanti: difosfati, sale, aroma cedro.<\/p><div><div><p><strong>Contiene allergeni: glutine, burro, uova.<\/strong><\/p><\/div><\/div><\/div><\/div>\t\t\t\t\t\t\t\t<\/div>\n\t\t\t\t<\/div>\n\t\t\t\t<div class=\"elementor-element elementor-element-88fd3d8 elementor-widget-divider--view-line elementor-widget elementor-widget-divider\" data-id=\"88fd3d8\" data-element_type=\"widget\" data-e-type=\"widget\" data-widget_type=\"divider.default\">\n\t\t\t\t<div class=\"elementor-widget-container\">\n\t\t\t\t\t\t\t<div class=\"elementor-divider\">\n\t\t\t<span class=\"elementor-divider-separator\">\n\t\t\t\t\t\t<\/span>\n\t\t<\/div>\n\t\t\t\t\t\t<\/div>\n\t\t\t\t<\/div>\n\t\t\t\t\t<\/div>\n\t\t<\/div>\n\t\t\t\t\t<\/div>\n\t\t<\/section>\n\t\t\t\t<section class=\"elementor-section elementor-top-section elementor-element elementor-element-da2b6cf elementor-section-boxed elementor-section-height-default elementor-section-height-default\" data-id=\"da2b6cf\" data-element_type=\"section\" data-e-type=\"section\">\n\t\t\t\t\t\t<div class=\"elementor-container elementor-column-gap-default\">\n\t\t\t\t\t<div class=\"elementor-column elementor-col-100 elementor-top-column elementor-element elementor-element-60dc154\" data-id=\"60dc154\" data-element_type=\"column\" data-e-type=\"column\">\n\t\t\t<div class=\"elementor-widget-wrap elementor-element-populated\">\n\t\t\t\t\t\t<div class=\"elementor-element elementor-element-ea2ad81 elementor-widget elementor-widget-text-editor\" data-id=\"ea2ad81\" data-element_type=\"widget\" data-e-type=\"widget\" data-widget_type=\"text-editor.default\">\n\t\t\t\t<div class=\"elementor-widget-container\">\n\t\t\t\t\t\t\t\t\t<p><strong>VALORI NUTRIZIONALI (per 100 g di prodotto)<\/strong><\/p><p><span style=\"text-decoration: underline;\">CLASSICI ALLE MANDORLE:<\/span> Energia 1791kJ\u00a0 427 kcal; Grassi 18g di cui saturi 4,6g; Carboidrati 55g di cui zuccheri 29g; Fibre 3,3g; Proteine 9,6g; Sale 0,39g.<\/p><p><span style=\"text-decoration: underline;\">NOCI E UVETTA:<\/span> Energia 1619kJ\u00a0 384 kcal; Grassi 11g di cui saturi 4,1g; Carboidrati 64g di cui zuccheri 36g; Fibre 1,7g; Proteine 6,5g; Sale 0,61g.<\/p><p><span style=\"text-decoration: underline;\">ALL&#8217;ARANCIA:<\/span> Energia 1531kJ\u00a0 362 kcal; Grassi 6,9g di cui saturi 3,7g; Carboidrati 69g di cui zuccheri 44g; Fibre 1,6g; Proteine 5,3g; Sale 0,55g.<\/p><p><span style=\"text-decoration: underline;\">AL CEDRO:<\/span> Energia 1531kJ\u00a0 362 kcal; Grassi 6,9g di cui saturi 3,7g; Carboidrati 69g di cui zuccheri 44g; Fibre 1,6g; Proteine 5,3g; Sale 0,55g.<\/p><p><strong>Assunzioni di riferimento di un adulto medio 8400kJ\/2000kcal<\/strong><\/p>\t\t\t\t\t\t\t\t<\/div>\n\t\t\t\t<\/div>\n\t\t\t\t\t<\/div>\n\t\t<\/div>\n\t\t\t\t\t<\/div>\n\t\t<\/section>\n\t\t\t\t<section class=\"elementor-section elementor-top-section elementor-element elementor-element-0a35440 elementor-section-boxed elementor-section-height-default elementor-section-height-default\" data-id=\"0a35440\" data-element_type=\"section\" data-e-type=\"section\">\n\t\t\t\t\t\t<div class=\"elementor-container elementor-column-gap-default\">\n\t\t\t\t\t<div class=\"elementor-column elementor-col-100 elementor-top-column elementor-element elementor-element-82f9b25\" data-id=\"82f9b25\" data-element_type=\"column\" data-e-type=\"column\">\n\t\t\t<div class=\"elementor-widget-wrap elementor-element-populated\">\n\t\t\t\t\t\t<div class=\"elementor-element elementor-element-d9179cd elementor-widget elementor-widget-text-editor\" data-id=\"d9179cd\" data-element_type=\"widget\" data-e-type=\"widget\" data-widget_type=\"text-editor.default\">\n\t\t\t\t<div class=\"elementor-widget-container\">\n\t\t\t\t\t\t\t\t\t<p><strong>CONSERVAZIONE IN LUOGO FRESCO E ASCIUTTO<\/strong><\/p>\t\t\t\t\t\t\t\t<\/div>\n\t\t\t\t<\/div>\n\t\t\t\t\t<\/div>\n\t\t<\/div>\n\t\t\t\t\t<\/div>\n\t\t<\/section>\n\t\t\t\t<\/div>","protected":false},"excerpt":{"rendered":"<p><strong>NUOVA CONFEZIONE IN ASTUCCIO DI CARTONCINO<\/strong><\/p>\n<p><strong>Stesso prodotto: pi\u00f9 bello, pi\u00f9 protetto, pi\u00f9 di valore!<\/strong><\/p>","protected":false},"featured_media":15781,"comment_status":"open","ping_status":"closed","template":"","meta":[],"product_brand":[],"product_cat":[15],"product_tag":[],"class_list":{"0":"post-15780","1":"product","2":"type-product","3":"status-publish","4":"has-post-thumbnail","6":"product_cat-senza-categoria","8":"first","9":"instock","10":"shipping-taxable","11":"purchasable","12":"product-type-variable"},"_links":{"self":[{"href":"https:\/\/www.dulcisinfiore.it\/en\/wp-json\/wp\/v2\/product\/15780","targetHints":{"allow":["GET"]}}],"collection":[{"href":"https:\/\/www.dulcisinfiore.it\/en\/wp-json\/wp\/v2\/product"}],"about":[{"href":"https:\/\/www.dulcisinfiore.it\/en\/wp-json\/wp\/v2\/types\/product"}],"replies":[{"embeddable":true,"href":"https:\/\/www.dulcisinfiore.it\/en\/wp-json\/wp\/v2\/comments?post=15780"}],"version-history":[{"count":7,"href":"https:\/\/www.dulcisinfiore.it\/en\/wp-json\/wp\/v2\/product\/15780\/revisions"}],"predecessor-version":[{"id":15994,"href":"https:\/\/www.dulcisinfiore.it\/en\/wp-json\/wp\/v2\/product\/15780\/revisions\/15994"}],"wp:featuredmedia":[{"embeddable":true,"href":"https:\/\/www.dulcisinfiore.it\/en\/wp-json\/wp\/v2\/media\/15781"}],"wp:attachment":[{"href":"https:\/\/www.dulcisinfiore.it\/en\/wp-json\/wp\/v2\/media?parent=15780"}],"wp:term":[{"taxonomy":"product_brand","embeddable":true,"href":"https:\/\/www.dulcisinfiore.it\/en\/wp-json\/wp\/v2\/product_brand?post=15780"},{"taxonomy":"product_cat","embeddable":true,"href":"https:\/\/www.dulcisinfiore.it\/en\/wp-json\/wp\/v2\/product_cat?post=15780"},{"taxonomy":"product_tag","embeddable":true,"href":"https:\/\/www.dulcisinfiore.it\/en\/wp-json\/wp\/v2\/product_tag?post=15780"}],"curies":[{"name":"wp","href":"https:\/\/api.w.org\/{rel}","templated":true}]}}